{"id":405,"date":"2015-10-08T13:46:38","date_gmt":"2015-10-08T11:46:38","guid":{"rendered":"http:\/\/old.abi-solar.com\/pl\/?page_id=405"},"modified":"2021-03-03T11:04:04","modified_gmt":"2021-03-03T09:04:04","slug":"fotomoduli","status":"publish","type":"page","link":"https:\/\/www.old.abi-solar.com\/pl\/produkty\/fotomoduli\/","title":{"rendered":"Panele fotowoltaiczne"},"content":{"rendered":"<p><img loading=\"lazy\" class=\"alignright wp-image-788\" src=\"https:\/\/old.abi-solar.com\/wp-content\/uploads\/2017\/07\/poweredbytier1-244x300.png\" alt=\"Powered by Tier 1 manufacturers\" width=\"150\" height=\"184\" srcset=\"https:\/\/www.old.abi-solar.com\/wp-content\/uploads\/2017\/07\/poweredbytier1-244x300.png 244w, https:\/\/www.old.abi-solar.com\/wp-content\/uploads\/2017\/07\/poweredbytier1.png 314w\" sizes=\"(max-width: 150px) 100vw, 150px\" \/>Towarzystwo ABi-Solar przeprowadza <a href=\"http:\/\/old.abi-solar.com\/pl\/produkty\/fotomoduli\/monokrystaliczne-fotomoduli\/\">monokrystaliczne<\/a> i <a href=\"http:\/\/old.abi-solar.com\/pl\/produkty\/fotomoduli\/polikrystaliczne-fotomoduli\/\">polikrystaliczne fotomodu\u0142y<\/a> na autoryzowanych produkcjach, rozmieszczonych w ChRL.<\/p>\n<p>Ka\u017cdy foto elektryczny modu\u0142 ABi-Solar przechodzi przez testowanie, w wej\u015bciu kt\u00f3rego wytwarzaj\u0105 si\u0119 pomiary jego parametr\u00f3w technicznych.<br \/>\nPrzy robieniu fotopanielej ABi-Solar stosuj\u0105 si\u0119 standardy i \u017c\u0105dania, specjalnie opracowane dla otrzymywania maksymalnej wydajno\u015bci przy wykorzystaniu w warunkach insolacji nie bardziej 1200 kW*godz\/m\u00b2 na rok, w\u0142a\u015bciwej centralno-europejskiemu regionowi. Wi\u0119c, zdobywaj\u0105c fotomoduli ABi-Solar dla urz\u0105dzenia w Centralnej Europie, zdobywacie gwarantowane charakterystyki techniczne i optymalne parametry wyrobu dla s\u0142onecznej elektrowni og\u00f3lnie rzecz bior\u0105c.<\/p>\n<tr><td><a href=\"https:\/\/www.old.abi-solar.com\/pl\/download\/Abi_Solar_INSTALLATION_GUIDE.pdf\">ABi Solar Photovoltaic Module Installation Guide<\/a><\/td><td>861.9 KiB<\/td><td>259<\/td><\/tr>\n","protected":false},"excerpt":{"rendered":"<p>Towarzystwo ABi-Solar przeprowadza monokrystaliczne i polikrystaliczne fotomodu\u0142y na autoryzowanych produkcjach, rozmieszczonych w ChRL. Ka\u017cdy foto elektryczny modu\u0142 ABi-Solar przechodzi przez testowanie, w wej\u015bciu kt\u00f3rego wytwarzaj\u0105 si\u0119 pomiary jego parametr\u00f3w technicznych. Przy robieniu fotopanielej ABi-Solar stosuj\u0105 si\u0119 standardy i \u017c\u0105dania, specjalnie opracowane dla otrzymywania maksymalnej wydajno\u015bci przy wykorzystaniu w warunkach insolacji nie bardziej 1200 kW*godz\/m\u00b2 na [&hellip;]<\/p>\n","protected":false},"author":5,"featured_media":0,"parent":364,"menu_order":0,"comment_status":"closed","ping_status":"closed","template":"","meta":[],"_links":{"self":[{"href":"https:\/\/www.old.abi-solar.com\/pl\/wp-json\/wp\/v2\/pages\/405\/"}],"collection":[{"href":"https:\/\/www.old.abi-solar.com\/pl\/wp-json\/wp\/v2\/pages\/"}],"about":[{"href":"https:\/\/www.old.abi-solar.com\/pl\/wp-json\/wp\/v2\/types\/page\/"}],"author":[{"embeddable":true,"href":"https:\/\/www.old.abi-solar.com\/pl\/wp-json\/wp\/v2\/users\/5\/"}],"replies":[{"embeddable":true,"href":"https:\/\/www.old.abi-solar.com\/pl\/wp-json\/wp\/v2\/comments\/?post=405"}],"version-history":[{"count":7,"href":"https:\/\/www.old.abi-solar.com\/pl\/wp-json\/wp\/v2\/pages\/405\/revisions\/"}],"predecessor-version":[{"id":109540,"href":"https:\/\/www.old.abi-solar.com\/pl\/wp-json\/wp\/v2\/pages\/405\/revisions\/109540\/"}],"up":[{"embeddable":true,"href":"https:\/\/www.old.abi-solar.com\/pl\/wp-json\/wp\/v2\/pages\/364\/"}],"wp:attachment":[{"href":"https:\/\/www.old.abi-solar.com\/pl\/wp-json\/wp\/v2\/media\/?parent=405"}],"curies":[{"name":"wp","href":"https:\/\/api.w.org\/{rel}","templated":true}]}}